{"id":6740,"date":"2024-07-19T17:20:08","date_gmt":"2024-07-19T16:20:08","guid":{"rendered":"https:\/\/yukifunchal.pt\/chef\/"},"modified":"2024-10-09T17:20:23","modified_gmt":"2024-10-09T16:20:23","slug":"chef","status":"publish","type":"page","link":"https:\/\/yukifunchal.pt\/en\/chef\/","title":{"rendered":"YUKI Chef"},"content":{"rendered":"\t\t<div data-elementor-type=\"wp-page\" data-elementor-id=\"6740\" class=\"elementor elementor-6740 elementor-6603\">\n\t\t\t\t\t\t<section class=\"elementor-section elementor-top-section elementor-element elementor-element-28118293 pt-section-content-fullwidth pt-parallax-on-scroll pt_scroll_y_120 elementor-section-boxed elementor-section-height-default elementor-section-height-default\" data-id=\"28118293\" data-element_type=\"section\" data-settings=\"{&quot;background_background&quot;:&quot;classic&quot;}\" data-pt-parallax-y=\"120\" style=\"background-image: none;\" data-pt-background-image=\"https:\/\/yukifunchal.pt\/wp-content\/uploads\/2024\/10\/MT_YUKI_CortePeixe.jpg\">\n\t\t\t\t\t\t\t<div class=\"elementor-background-overlay\"><\/div>\n\t\t\t\t\t\t\t<div class=\"elementor-container elementor-column-gap-no\">\n\t\t\t\t\t<div class=\"elementor-column elementor-col-100 elementor-top-column elementor-element elementor-element-70684cd dark-color\" data-id=\"70684cd\" data-element_type=\"column\">\n\t\t\t<div class=\"elementor-widget-wrap elementor-element-populated\">\n\t\t\t\t\t\t<div class=\"elementor-element elementor-element-6eccfb4e elementor-widget elementor-widget-pt_title\" data-id=\"6eccfb4e\" data-element_type=\"widget\" data-widget_type=\"pt_title.default\">\n\t\t\t\t<div class=\"elementor-widget-container\">\n\t\t\t\t\t\n        <div class=\"pt-title-wrap text-center\">\t            <div class=\"pt-subtitle-wrap\"><span class=\"pt-subtitle color-white style-bordered\">MEET<\/span><\/div>\t            <h1 class=\"pt-title\">\n\t                OUR CHEF\t            <\/h1>        <\/div>\t\t\t\t<\/div>\n\t\t\t\t<\/div>\n\t\t\t\t\t<\/div>\n\t\t<\/div>\n\t\t\t\t\t<\/div>\n\t\t<\/section>\n\t\t\t\t<section class=\"elementor-section elementor-top-section elementor-element elementor-element-4ae46f1 pt-section-content-fullwidth yuki elementor-section-boxed elementor-section-height-default elementor-section-height-default\" data-id=\"4ae46f1\" data-element_type=\"section\" data-settings=\"{&quot;animation&quot;:&quot;none&quot;,&quot;background_background&quot;:&quot;classic&quot;}\">\n\t\t\t\t\t\t<div class=\"elementor-container elementor-column-gap-no\">\n\t\t\t\t\t<div class=\"elementor-column elementor-col-50 elementor-top-column elementor-element elementor-element-02550e7\" data-id=\"02550e7\" data-element_type=\"column\">\n\t\t\t<div class=\"elementor-widget-wrap elementor-element-populated\">\n\t\t\t\t\t\t<div class=\"elementor-element elementor-element-0b2cf88 elementor-widget elementor-widget-pt_title\" data-id=\"0b2cf88\" data-element_type=\"widget\" data-widget_type=\"pt_title.default\">\n\t\t\t\t<div class=\"elementor-widget-container\">\n\t\t\t\t\t\n        <div class=\"pt-title-wrap text-center-mobile\">\t            <div class=\"pt-subtitle-wrap\"><span class=\"pt-subtitle color-black style-bordered\">CHEF<\/span><\/div>\t            <h4 class=\"pt-title color-white\">\n\t                J\u00daLIO PEREIRA\t            <\/h4>        <\/div>\t\t\t\t<\/div>\n\t\t\t\t<\/div>\n\t\t\t\t<div class=\"elementor-element elementor-element-2cafcc4 img-chef-mask elementor-align-center elementor-widget elementor-widget-pt_rounded_image\" data-id=\"2cafcc4\" data-element_type=\"widget\" data-widget_type=\"pt_rounded_image.default\">\n\t\t\t\t<div class=\"elementor-widget-container\">\n\t\t\t\t\t\t\t\t\t<div class=\"pt-rounded-image\" style=\"border-radius: var(--rounded) var(--rounded) var(--rounded) var(--rounded);\">\n\t\t\t\t\t\t\t\t\t\t<img fetchpriority=\"high\" decoding=\"async\" width=\"1600\" height=\"1600\" src=\"https:\/\/yukifunchal.pt\/wp-content\/uploads\/2024\/10\/MT_YUKI_ChefJulioPereira_cut.jpg\" class=\"attachment-full size-full wp-image-7072\" alt=\"\" srcset=\"https:\/\/yukifunchal.pt\/wp-content\/uploads\/2024\/10\/MT_YUKI_ChefJulioPereira_cut.jpg 1600w, https:\/\/yukifunchal.pt\/wp-content\/uploads\/2024\/10\/MT_YUKI_ChefJulioPereira_cut-300x300.jpg 300w, https:\/\/yukifunchal.pt\/wp-content\/uploads\/2024\/10\/MT_YUKI_ChefJulioPereira_cut-1024x1024.jpg 1024w, https:\/\/yukifunchal.pt\/wp-content\/uploads\/2024\/10\/MT_YUKI_ChefJulioPereira_cut-150x150.jpg 150w, https:\/\/yukifunchal.pt\/wp-content\/uploads\/2024\/10\/MT_YUKI_ChefJulioPereira_cut-768x768.jpg 768w, https:\/\/yukifunchal.pt\/wp-content\/uploads\/2024\/10\/MT_YUKI_ChefJulioPereira_cut-1536x1536.jpg 1536w, https:\/\/yukifunchal.pt\/wp-content\/uploads\/2024\/10\/MT_YUKI_ChefJulioPereira_cut-1440x1440.jpg 1440w, https:\/\/yukifunchal.pt\/wp-content\/uploads\/2024\/10\/MT_YUKI_ChefJulioPereira_cut-1200x1200.jpg 1200w, https:\/\/yukifunchal.pt\/wp-content\/uploads\/2024\/10\/MT_YUKI_ChefJulioPereira_cut-780x780.jpg 780w, https:\/\/yukifunchal.pt\/wp-content\/uploads\/2024\/10\/MT_YUKI_ChefJulioPereira_cut-600x600.jpg 600w, https:\/\/yukifunchal.pt\/wp-content\/uploads\/2024\/10\/MT_YUKI_ChefJulioPereira_cut-550x550.jpg 550w, https:\/\/yukifunchal.pt\/wp-content\/uploads\/2024\/10\/MT_YUKI_ChefJulioPereira_cut-370x370.jpg 370w, https:\/\/yukifunchal.pt\/wp-content\/uploads\/2024\/10\/MT_YUKI_ChefJulioPereira_cut-255x255.jpg 255w\" sizes=\"(max-width: 1600px) 100vw, 1600px\" \/>\t\t\t\t\t\t\t\t\t<\/div>\t\t\t\t<\/div>\n\t\t\t\t<\/div>\n\t\t\t\t\t<\/div>\n\t\t<\/div>\n\t\t\t\t<div class=\"elementor-column elementor-col-50 elementor-top-column elementor-element elementor-element-7b6a9cb\" data-id=\"7b6a9cb\" data-element_type=\"column\">\n\t\t\t<div class=\"elementor-widget-wrap elementor-element-populated\">\n\t\t\t\t\t\t<div class=\"elementor-element elementor-element-00a86ea elementor-widget elementor-widget-pt_title\" data-id=\"00a86ea\" data-element_type=\"widget\" data-widget_type=\"pt_title.default\">\n\t\t\t\t<div class=\"elementor-widget-container\">\n\t\t\t\t\t\n        <div class=\"pt-title-wrap text-center-mobile\">\t            <div class=\"pt-title-text color-black\">\n\t                <div class=\"message_d5deea cozyMessage_d5deea groupStart_d5deea wrapper_f9f2ca cozy_f9f2ca zalgo_f9f2ca\" tabindex=\"-1\" role=\"article\" data-list-item-id=\"chat-messages___chat-messages-1263136620673105961-1263890650441584721\" aria-setsize=\"-1\" aria-roledescription=\"Message\" aria-labelledby=\"message-username-1263890650441584721 uid_1 message-content-1263890650441584721 uid_2 message-timestamp-1263890650441584721\"><div class=\"contents_f9f2ca\"><div id=\"message-content-1263890650441584721\" class=\"markup_f8f345 messageContent_f9f2ca\"><div class=\"message_d5deea cozyMessage_d5deea groupStart_d5deea wrapper_f9f2ca cozy_f9f2ca zalgo_f9f2ca\" tabindex=\"-1\" role=\"article\" data-list-item-id=\"chat-messages___chat-messages-1263136620673105961-1263890650441584721\" aria-setsize=\"-1\" aria-roledescription=\"Message\" aria-labelledby=\"message-username-1263890650441584721 uid_1 message-content-1263890650441584721 uid_2 message-timestamp-1263890650441584721\"><div class=\"contents_f9f2ca\"><div id=\"message-content-1263890650441584721\" class=\"markup_f8f345 messageContent_f9f2ca\">He was born in 1978 in Carvoeira, a small village on the west coast of Portugal, between the Serra de Sintra and the waves of Ericeira and the historic convent of Mafra.<\/div><div>\u00a0<\/div><div class=\"markup_f8f345 messageContent_f9f2ca\">It was in his father&#8217;s butchers, his grandfather&#8217;s vegetable gardens and his mother&#8217;s kitchen that it all began. The essence of the product and its season is engraved in his gene pool. In his customs and experiences, his passion for cooking led him to the Estoril Hotel School in 1993. With chef&#8217;s cap in hand, he travelled the world, working in Italy at the Hotel Principe di Piemonte in Turin; Spain with Chef Sergi Arola; Brazil; Angola, where he opened the country&#8217;s first 5-star hotel; and S\u00e3o Tom\u00e9 and Pr\u00edncipe, at the Hotel BomBom on the island of Pr\u00edncipe.<\/div><div>\u00a0<\/div><div class=\"markup_f8f345 messageContent_f9f2ca\">In 2013, with the birth of his daughter Maria, he came to the island of Madeira, where the quality of life and excellent surroundings had already won him over at the turn of the millennium.<\/div><\/div><div><div class=\"message_d5deea cozyMessage_d5deea groupStart_d5deea wrapper_f9f2ca cozy_f9f2ca zalgo_f9f2ca\" tabindex=\"-1\" role=\"article\" data-list-item-id=\"chat-messages___chat-messages-1263136620673105961-1263890650441584721\" aria-setsize=\"-1\" aria-roledescription=\"Message\" aria-labelledby=\"message-username-1263890650441584721 uid_1 message-content-1263890650441584721 uid_2 message-timestamp-1263890650441584721\"><div class=\"contents_f9f2ca\"><div>\u00a0<\/div><div id=\"message-content-1263890650441584721\" class=\"markup_f8f345 messageContent_f9f2ca\">It was there, in December 2018, in the heart of the city of Funchal, that Kampo by Chef J\u00falio Pereira was born. With this new space, he has brought back the meats and country produce that have accompanied him since his childhood days in the village in western Portugal. Kampo is a cosy restaurant in Funchal, where all these years of experience come together, accompanied by a team of promising young people.<\/div><div>\u00a0<\/div><div class=\"markup_f8f345 messageContent_f9f2ca\">The concept quickly won over the palates of Madeirans and many tourists visiting the island, and in July 2019 he took the plunge into \u00c1kua by Chef J\u00falio Pereira, bringing the flavours of the sea and his childhood in Ericeira.<\/div><div>\u00a0<\/div><div class=\"markup_f8f345 messageContent_f9f2ca\">After the remarkable success of Kampo and \u00c1kua, where the product is honoured, in March 2024 Theo&#8217;s reappears &#8211; where the history of other times gives way to the essence of Portuguese cuisine incorporated with the modern concept of sharing. With the momentum of Theo&#8217;s, the new Yuki restaurant is born &#8211; exploring the Japanese cuisine that inspired the dishes at Kampo and \u00c1kua.<\/div><div>\u00a0<\/div><div class=\"markup_f8f345 messageContent_f9f2ca\">Based on the essence of a type of Japanese bar called an izakaya, Yuki is the result of the gastronomy that inspires our restaurants and the concept of sharing and comfort.<\/div><\/div><\/div><\/div><\/div><\/div><\/div><\/div>\t            <\/div>        <\/div>\t\t\t\t<\/div>\n\t\t\t\t<\/div>\n\t\t\t\t\t<\/div>\n\t\t<\/div>\n\t\t\t\t\t<\/div>\n\t\t<\/section>\n\t\t\t\t<\/div>\n\t\t","protected":false},"excerpt":{"rendered":"<p>MEET OUR CHEF CHEF J\u00daLIO PEREIRA He was born in 1978 in Carvoeira, a small village on the west coast of Portugal, between the Serra de Sintra and the waves of Ericeira and the historic convent of Mafra.\u00a0It was in his father&#8217;s butchers, his grandfather&#8217;s vegetable gardens and his mother&#8217;s kitchen that it all began. &#8230;<\/p>\n","protected":false},"author":1,"featured_media":0,"parent":0,"menu_order":0,"comment_status":"closed","ping_status":"closed","template":"template-wide-content.php","meta":{"patiotime_single_page_hide_site_header":"","patiotime_single_page_site_header_source":"","patiotime_single_page_custom_site_header":"0","patiotime_single_page_custom_sticky_site_header":"0","patiotime_single_page_custom_page_title_margin_top_source":"","patiotime_single_page_custom_page_title_desktop_margin_top":"","patiotime_single_page_custom_page_title_tablet_margin_top":"","patiotime_single_page_custom_page_title_mobile_margin_top":"","patiotime_single_page_hide_page_title":"on","patiotime_single_page_header_section_size":"","patiotime_single_page_header_background_color":"","patiotime_single_page_header_background_position_x":"center","patiotime_single_page_header_background_position_y":"center","patiotime_single_page_header_background_size":"cover","patiotime_single_page_header_background_repeat":"off","patiotime_single_page_header_background_scroll":"on","patiotime_single_page_header_text_color":"","patiotime_single_page_header_show_breadcrumb":"","patiotime_single_page_site_footer_hide_main":"","patiotime_single_custom_site_footer_main_source":"","patiotime_single_custom_site_footer_main":"0","patiotime_single_page_site_footer_hide_above":"","patiotime_single_custom_site_footer_above_source":"","patiotime_single_custom_site_footer_above":"0","patiotime_single_page_site_footer_hide_instagram":"","patiotime_single_page_site_footer_hide_bottom":"","patiotime_single_custom_mobile_menu_source":"","patiotime_single_custom_mobile_menu":"0","patiotime_single_custom_mobile_menu_animation":"","patiotime_single_custom_mobile_menu_width":"","patiotime_single_custom_mobile_menu_custom_width":375,"footnotes":""},"class_list":["post-6740","page","type-page","status-publish","hentry"],"_links":{"self":[{"href":"https:\/\/yukifunchal.pt\/en\/wp-json\/wp\/v2\/pages\/6740","targetHints":{"allow":["GET"]}}],"collection":[{"href":"https:\/\/yukifunchal.pt\/en\/wp-json\/wp\/v2\/pages"}],"about":[{"href":"https:\/\/yukifunchal.pt\/en\/wp-json\/wp\/v2\/types\/page"}],"author":[{"embeddable":true,"href":"https:\/\/yukifunchal.pt\/en\/wp-json\/wp\/v2\/users\/1"}],"replies":[{"embeddable":true,"href":"https:\/\/yukifunchal.pt\/en\/wp-json\/wp\/v2\/comments?post=6740"}],"version-history":[{"count":14,"href":"https:\/\/yukifunchal.pt\/en\/wp-json\/wp\/v2\/pages\/6740\/revisions"}],"predecessor-version":[{"id":7076,"href":"https:\/\/yukifunchal.pt\/en\/wp-json\/wp\/v2\/pages\/6740\/revisions\/7076"}],"wp:attachment":[{"href":"https:\/\/yukifunchal.pt\/en\/wp-json\/wp\/v2\/media?parent=6740"}],"curies":[{"name":"wp","href":"https:\/\/api.w.org\/{rel}","templated":true}]}}